{"id":3619,"date":"2020-06-08T20:26:42","date_gmt":"2020-06-08T20:26:42","guid":{"rendered":"https:\/\/illyrian-securite.ch\/kontakt\/"},"modified":"2026-04-16T09:48:28","modified_gmt":"2026-04-16T09:48:28","slug":"kontakt","status":"publish","type":"page","link":"https:\/\/illyrian-securite.ch\/de\/kontakt\/","title":{"rendered":"Kontakt"},"content":{"rendered":"<div class=\"fusion-fullwidth fullwidth-box fusion-builder-row-1 fusion-flex-container has-pattern-background has-mask-background nonhundred-percent-fullwidth non-hundred-percent-height-scrolling\" style=\"--link_hover_color: var(--awb-custom_color_4);--link_color: var(--awb-custom_color_1);--awb-border-radius-top-left:0px;--awb-border-radius-top-right:0px;--awb-border-radius-bottom-right:0px;--awb-border-radius-bottom-left:0px;--awb-padding-top:48px;--awb-padding-bottom:6%;--awb-padding-top-medium:12px;--awb-background-image:linear-gradient(180deg, var(--awb-color1) 56%,var(--awb-color2) 56%);--awb-flex-wrap:wrap;\" ><div class=\"fusion-builder-row fusion-row fusion-flex-align-items-flex-start fusion-flex-content-wrap\" style=\"max-width:1372.8px;margin-left: calc(-4% \/ 2 );margin-right: calc(-4% \/ 2 );\"><div class=\"fusion-layout-column fusion_builder_column fusion-builder-column-0 fusion_builder_column_1_1 1_1 fusion-flex-column fusion-animated\" style=\"--awb-bg-size:cover;--awb-width-large:100%;--awb-margin-top-large:20px;--awb-spacing-right-large:1.92%;--awb-margin-bottom-large:60px;--awb-spacing-left-large:1.92%;--awb-width-medium:100%;--awb-order-medium:0;--awb-margin-top-medium:16px;--awb-spacing-right-medium:1.92%;--awb-margin-bottom-medium:16px;--awb-spacing-left-medium:1.92%;--awb-width-small:100%;--awb-order-small:0;--awb-margin-top-small:10px;--awb-spacing-right-small:1.92%;--awb-margin-bottom-small:16px;--awb-spacing-left-small:1.92%;\" data-animationType=\"fadeInDown\" data-animationDuration=\"1.0\" data-animationOffset=\"top-into-view\"><div class=\"fusion-column-wrapper fusion-column-has-shadow fusion-flex-justify-content-flex-start fusion-content-layout-column\"><div class=\"fusion-title title fusion-title-1 fusion-sep-none fusion-title-center fusion-title-text fusion-title-size-one\" style=\"--awb-margin-bottom-medium:32px;\"><h1 class=\"fusion-title-heading title-heading-center fusion-responsive-typography-calculated\" style=\"margin:0;--fontSize:58;line-height:var(--awb-typography1-line-height);\">Kontakt<\/h1><\/div><\/div><\/div><div class=\"fusion-layout-column fusion_builder_column fusion-builder-column-1 fusion_builder_column_2_5 2_5 fusion-flex-column fusion-animated\" style=\"--awb-bg-size:cover;--awb-width-large:40%;--awb-margin-top-large:20px;--awb-spacing-right-large:9.6%;--awb-margin-bottom-large:20px;--awb-spacing-left-large:24%;--awb-width-medium:40%;--awb-spacing-right-medium:9.6%;--awb-spacing-left-medium:9.6%;--awb-width-small:100%;--awb-order-small:1;--awb-margin-top-small:50px;--awb-spacing-right-small:1.92%;--awb-spacing-left-small:1.92%;\" data-animationType=\"fadeInLeft\" data-animationDuration=\"1.6\" data-animationOffset=\"top-into-view\"><div class=\"fusion-column-wrapper fusion-column-has-shadow fusion-flex-justify-content-flex-start fusion-content-layout-column\"><div class=\"fusion-image-element \" style=\"--awb-caption-title-font-family:var(--h2_typography-font-family);--awb-caption-title-font-weight:var(--h2_typography-font-weight);--awb-caption-title-font-style:var(--h2_typography-font-style);--awb-caption-title-size:var(--h2_typography-font-size);--awb-caption-title-transform:var(--h2_typography-text-transform);--awb-caption-title-line-height:var(--h2_typography-line-height);--awb-caption-title-letter-spacing:var(--h2_typography-letter-spacing);\"><span class=\" fusion-imageframe imageframe-none imageframe-1 hover-type-none\" style=\"border-radius:8px;\"><img decoding=\"async\" width=\"640\" height=\"480\" alt=\"Sicherheitsunternehmen\" title=\"01-sicherheitsunternehmen-romandie-illyrian-securite-waadt\" src=\"https:\/\/illyrian-securite.ch\/wp-content\/uploads\/2025\/03\/01-entreprise-securite-romande-illyrian-securite-vaud.jpg\" data-orig-src=\"https:\/\/illyrian-securite.ch\/wp-content\/uploads\/2025\/03\/01-entreprise-securite-romande-illyrian-securite-vaud.jpg\" class=\"lazyload img-responsive wp-image-3618\" srcset=\"data:image\/svg+xml,%3Csvg%20xmlns%3D%27http%3A%2F%2Fwww.w3.org%2F2000%2Fsvg%27%20width%3D%27640%27%20height%3D%27480%27%20viewBox%3D%270%200%20640%20480%27%3E%3Crect%20width%3D%27640%27%20height%3D%27480%27%20fill-opacity%3D%220%22%2F%3E%3C%2Fsvg%3E\" data-srcset=\"https:\/\/illyrian-securite.ch\/wp-content\/uploads\/2025\/03\/01-entreprise-securite-romande-illyrian-securite-vaud-200x150.jpg 200w, https:\/\/illyrian-securite.ch\/wp-content\/uploads\/2025\/03\/01-entreprise-securite-romande-illyrian-securite-vaud-400x300.jpg 400w, https:\/\/illyrian-securite.ch\/wp-content\/uploads\/2025\/03\/01-entreprise-securite-romande-illyrian-securite-vaud-600x450.jpg 600w, https:\/\/illyrian-securite.ch\/wp-content\/uploads\/2025\/03\/01-entreprise-securite-romande-illyrian-securite-vaud.jpg 640w\" data-sizes=\"auto\" data-orig-sizes=\"(max-width: 640px) 100vw, 400px\" \/><\/span><\/div><div class=\"fusion-title title fusion-title-2 fusion-sep-none fusion-title-text fusion-title-size-four\" style=\"--awb-margin-top:24px;--awb-margin-bottom:0px;--awb-margin-top-small:20px;--awb-margin-bottom-small:0px;\"><h4 class=\"fusion-title-heading title-heading-left fusion-responsive-typography-calculated\" style=\"margin:0;--fontSize:26;line-height:1.4;\">Kontaktdaten<\/h4><\/div><div class=\"fusion-separator fusion-full-width-sep\" style=\"align-self: center;margin-left: auto;margin-right: auto;margin-top:15px;margin-bottom:20px;width:100%;\"><div class=\"fusion-separator-border sep-single sep-dashed\" style=\"--awb-height:20px;--awb-amount:20px;border-color:hsla(var(--awb-color8-h),var(--awb-color8-s),var(--awb-color8-l),calc( var(--awb-color8-a) - 92% ));border-top-width:1px;\"><\/div><\/div><div class=\"fusion-title title fusion-title-3 fusion-sep-none fusion-title-text fusion-title-size-five\" style=\"--awb-margin-top:0px;--awb-margin-bottom:10px;--awb-margin-top-small:0px;--awb-margin-bottom-small:5px;\"><h5 class=\"fusion-title-heading title-heading-left fusion-responsive-typography-calculated\" style=\"margin:0;text-transform:uppercase;--fontSize:22;--minFontSize:22;line-height:1.36;\">Illyrian S\u00e9curit\u00e9 S\u00e0rl<\/h5><\/div><div class=\"fusion-text fusion-text-1\" style=\"--awb-content-alignment:left;\"><p>Rue du Champ-du-Bois 18<br \/>\n1052 Le Mont-sur-Lausanne<br \/>\n<a href=\"tel:079%20664%2066%2066\" target=\"_blank\" rel=\"noopener\">+41 79 664 66 66<\/a><br \/>\n<a href=\"mailto:info@illyrian-securite.ch\" target=\"_blank\" rel=\"noopener\">info@illyrian-securite.ch<\/a><\/p>\n<\/div><\/div><\/div><div class=\"fusion-layout-column fusion_builder_column fusion-builder-column-2 fusion_builder_column_3_5 3_5 fusion-flex-column fusion-animated\" style=\"--awb-padding-top:20px;--awb-padding-right:40px;--awb-padding-bottom:20px;--awb-padding-left:40px;--awb-padding-top-small:24px;--awb-padding-right-small:28px;--awb-padding-bottom-small:16px;--awb-padding-left-small:28px;--awb-overflow:hidden;--awb-bg-color:var(--awb-color1);--awb-bg-color-hover:var(--awb-color1);--awb-bg-size:cover;--awb-box-shadow:12px 32px 60px -8px hsla(var(--awb-color8-h),var(--awb-color8-s),var(--awb-color8-l),calc( var(--awb-color8-a) - 88% ));;--awb-border-color:hsla(var(--awb-color8-h),var(--awb-color8-s),var(--awb-color8-l),calc( var(--awb-color8-a) - 92% ));--awb-border-right:1px;--awb-border-bottom:1px;--awb-border-left:1px;--awb-border-style:solid;--awb-border-radius:12px 12px 12px 12px;--awb-width-large:60%;--awb-margin-top-large:20px;--awb-spacing-right-large:16%;--awb-margin-bottom-large:20px;--awb-spacing-left-large:9.6%;--awb-width-medium:60%;--awb-order-medium:0;--awb-spacing-right-medium:6.4%;--awb-spacing-left-medium:3.2%;--awb-width-small:100%;--awb-order-small:0;--awb-margin-top-small:0px;--awb-spacing-right-small:3.84%;--awb-margin-bottom-small:30px;--awb-spacing-left-small:1.92%;\" data-animationType=\"fadeInRight\" data-animationDuration=\"2.0\" data-animationOffset=\"top-into-view\"><div class=\"fusion-column-wrapper fusion-column-has-shadow fusion-flex-justify-content-center fusion-content-layout-column\"><div class=\"fusion-form fusion-form-builder fusion-form-form-wrapper fusion-form-3218\" style=\"--awb-tooltip-text-color:#ffffff;--awb-tooltip-background-color:#333333;\" data-form-id=\"3218\" data-config=\"{&quot;form_id&quot;:3218,&quot;form_post_id&quot;:3218,&quot;post_id&quot;:3619,&quot;form_type&quot;:&quot;ajax&quot;,&quot;confirmation_type&quot;:&quot;message&quot;,&quot;redirect_url&quot;:&quot;&quot;,&quot;redirect_timeout&quot;:&quot;0&quot;,&quot;field_labels&quot;:{&quot;entreprise&quot;:&quot;Entreprise&quot;,&quot;prenom&quot;:&quot;Pr\\u00e9nom&quot;,&quot;nom&quot;:&quot;Nom&quot;,&quot;email_address&quot;:&quot;Email&quot;,&quot;telephone&quot;:&quot;T\\u00e9l\\u00e9phone&quot;,&quot;message&quot;:&quot;Votre message&quot;,&quot;consentement&quot;:&quot;&quot;},&quot;field_logics&quot;:{&quot;notice_1&quot;:&quot;&quot;,&quot;entreprise&quot;:&quot;&quot;,&quot;prenom&quot;:&quot;&quot;,&quot;nom&quot;:&quot;&quot;,&quot;email_address&quot;:&quot;&quot;,&quot;telephone&quot;:&quot;&quot;,&quot;message&quot;:&quot;&quot;,&quot;consentement&quot;:&quot;&quot;,&quot;submit_1&quot;:&quot;&quot;},&quot;field_types&quot;:{&quot;notice_1&quot;:&quot;notice&quot;,&quot;entreprise&quot;:&quot;text&quot;,&quot;prenom&quot;:&quot;text&quot;,&quot;nom&quot;:&quot;text&quot;,&quot;email_address&quot;:&quot;email&quot;,&quot;telephone&quot;:&quot;phone_number&quot;,&quot;message&quot;:&quot;textarea&quot;,&quot;consentement&quot;:&quot;checkbox&quot;,&quot;submit_1&quot;:&quot;submit&quot;},&quot;nonce_method&quot;:&quot;ajax&quot;,&quot;form_views&quot;:&quot;ajax&quot;,&quot;form_views_counting&quot;:&quot;all&quot;}\"><form action=\"https:\/\/illyrian-securite.ch\/de\/kontakt\/\" method=\"post\" class=\"fusion-form fusion-form-3218\"><div class=\"fusion-fullwidth fullwidth-box fusion-builder-row-1-1 fusion-flex-container has-pattern-background has-mask-background nonhundred-percent-fullwidth non-hundred-percent-height-scrolling\" style=\"--awb-border-radius-top-left:0px;--awb-border-radius-top-right:0px;--awb-border-radius-bottom-right:0px;--awb-border-radius-bottom-left:0px;--awb-padding-top:0px;--awb-padding-right:0px;--awb-padding-bottom:0px;--awb-padding-left:0px;--awb-flex-wrap:wrap;\" ><div class=\"fusion-builder-row fusion-row fusion-flex-align-items-flex-start fusion-flex-content-wrap\" style=\"width:104% !important;max-width:104% !important;margin-left: calc(-4% \/ 2 );margin-right: calc(-4% \/ 2 );\"><div class=\"fusion-layout-column fusion_builder_column fusion-builder-column-3 fusion_builder_column_1_1 1_1 fusion-flex-column\" style=\"--awb-bg-size:cover;--awb-width-large:100%;--awb-flex-grow:0;--awb-flex-shrink:0;--awb-margin-top-large:0px;--awb-spacing-right-large:1.92%;--awb-margin-bottom-large:0px;--awb-spacing-left-large:1.92%;--awb-width-medium:100%;--awb-order-medium:0;--awb-flex-grow-medium:0;--awb-flex-shrink-medium:0;--awb-spacing-right-medium:1.92%;--awb-spacing-left-medium:1.92%;--awb-width-small:100%;--awb-order-small:0;--awb-flex-grow-small:0;--awb-flex-shrink-small:0;--awb-spacing-right-small:1.92%;--awb-spacing-left-small:1.92%;\"><div class=\"fusion-column-wrapper fusion-column-has-shadow fusion-flex-justify-content-flex-start fusion-content-layout-column\"><div class=\"form-submission-notices data-notice_1\" id=\"fusion-notices-1\"><div class=\"fusion-alert alert success alert-success fusion-alert-center fusion-form-response fusion-form-response-success awb-alert-native-link-color alert-dismissable awb-alert-close-boxed alert-shadow\" role=\"alert\"><div class=\"fusion-alert-content-wrapper\"><span class=\"alert-icon\"><i class=\"awb-icon-check-circle\" aria-hidden=\"true\"><\/i><\/span><span class=\"fusion-alert-content\">Merci pour votre message. Il a \u00e9t\u00e9 envoy\u00e9.<\/span><\/div><button type=\"button\" class=\"close toggle-alert\" data-dismiss=\"alert\" aria-label=\"Close\">&times;<\/button><\/div><div class=\"fusion-alert alert error alert-danger fusion-alert-center fusion-form-response fusion-form-response-error awb-alert-native-link-color alert-dismissable awb-alert-close-boxed alert-shadow\" role=\"alert\"><div class=\"fusion-alert-content-wrapper\"><span class=\"alert-icon\"><i class=\"awb-icon-exclamation-triangle\" aria-hidden=\"true\"><\/i><\/span><span class=\"fusion-alert-content\">Une erreur s'est produite lors de l'envoi de votre message. Veuillez r\u00e9essayer plus tard.<\/span><\/div><button type=\"button\" class=\"close toggle-alert\" data-dismiss=\"alert\" aria-label=\"Close\">&times;<\/button><\/div><\/div><\/div><\/div><div class=\"fusion-layout-column fusion_builder_column fusion-builder-column-4 fusion_builder_column_1_1 1_1 fusion-flex-column\" style=\"--awb-bg-size:cover;--awb-width-large:100%;--awb-flex-grow:0;--awb-flex-shrink:0;--awb-margin-top-large:0px;--awb-spacing-right-large:1.92%;--awb-margin-bottom-large:0px;--awb-spacing-left-large:1.92%;--awb-width-medium:100%;--awb-order-medium:0;--awb-flex-grow-medium:0;--awb-flex-shrink-medium:0;--awb-spacing-right-medium:1.92%;--awb-spacing-left-medium:1.92%;--awb-width-small:100%;--awb-order-small:0;--awb-flex-grow-small:0;--awb-flex-shrink-small:0;--awb-spacing-right-small:1.92%;--awb-spacing-left-small:1.92%;\"><div class=\"fusion-column-wrapper fusion-column-has-shadow fusion-flex-justify-content-flex-start fusion-content-layout-column\"><div class=\"fusion-form-field fusion-form-text-field fusion-form-label-above\" style=\"\" data-form-id=\"3218\"><div class=\"fusion-form-label-wrapper\"><label for=\"entreprise\">Entreprise<\/label><\/div><input type=\"text\" autocomplete=\"off\" name=\"entreprise\" id=\"entreprise\" value=\"\"  class=\"fusion-form-input\" placeholder=\"Mon entreprise \" data-holds-private-data=\"false\" minlength=\"0\"\/><\/div><div class=\"fusion-form-field fusion-form-text-field fusion-form-label-above\" style=\"\" data-form-id=\"3218\"><div class=\"fusion-form-label-wrapper\"><label for=\"prenom\">Pr\u00e9nom <abbr class=\"fusion-form-element-required\" title=\"required\">*<\/abbr><\/label><\/div><input type=\"text\" autocomplete=\"off\" name=\"prenom\" id=\"prenom\" value=\"\"  class=\"fusion-form-input\" required=\"true\" aria-required=\"true\" placeholder=\"John *\" data-holds-private-data=\"false\" minlength=\"0\"\/><\/div><div class=\"fusion-form-field fusion-form-text-field fusion-form-label-above\" style=\"\" data-form-id=\"3218\"><div class=\"fusion-form-label-wrapper\"><label for=\"nom\">Nom <abbr class=\"fusion-form-element-required\" title=\"required\">*<\/abbr><\/label><\/div><input type=\"text\" autocomplete=\"off\" name=\"nom\" id=\"nom\" value=\"\"  class=\"fusion-form-input\" required=\"true\" aria-required=\"true\" placeholder=\"Doe *\" data-holds-private-data=\"false\" minlength=\"0\"\/><\/div><div class=\"fusion-form-field fusion-form-email-field fusion-form-label-above\" style=\"\" data-form-id=\"3218\"><div class=\"fusion-form-label-wrapper\"><label for=\"email_address\">Email <abbr class=\"fusion-form-element-required\" title=\"required\">*<\/abbr><\/label><\/div><input type=\"email\" autocomplete=\"off\" name=\"email_address\" id=\"email_address\" value=\"\"  class=\"fusion-form-input\" required=\"true\" aria-required=\"true\" placeholder=\"johndoe@mon-entreprise.com *\" data-holds-private-data=\"false\"\/><\/div><div class=\"fusion-form-field fusion-form-phone-number-field fusion-form-label-above\" style=\"\" data-form-id=\"3218\"><div class=\"fusion-form-label-wrapper\"><label for=\"telephone\">T\u00e9l\u00e9phone <abbr class=\"fusion-form-element-required\" title=\"required\">*<\/abbr><\/label><\/div><input type=\"tel\" autocomplete=\"off\" name=\"telephone\" id=\"telephone\" value=\"\"  class=\"fusion-form-input\" required=\"true\" aria-required=\"true\" placeholder=\"par exemple : 079 123 45 67 *\" data-holds-private-data=\"false\"\/><\/div><div class=\"fusion-form-field fusion-form-textarea-field fusion-form-label-above\" style=\"\" data-form-id=\"3218\"><label for=\"message\">Votre message<\/label><textarea cols=\"40\" autocomplete=\"off\"  minlength=\"0\"  rows=\"4\" tabindex=\"\" id=\"message\" name=\"message\" class=\"fusion-form-input\" placeholder=\"Message... \" data-holds-private-data=\"false\"><\/textarea><\/div><div class=\"fusion-text fusion-text-2 fusion-text-no-margin\" style=\"--awb-font-size:12px;--awb-margin-top:0px;--awb-margin-bottom:0px;\"><p>*Champs obligatoires<\/p>\n<\/div>\n<div class=\"fusion-form-field fusion-form-checkbox-field fusion-form-label-above\" style=\"\" data-form-id=\"3218\"><fieldset><div class=\"fusion-form-checkbox\"><input tabindex=\"\" id=\"checkbox-consentement-1-0\" type=\"checkbox\" value=\"*En envoyant ce message, j'accepte votre politique de confidentialit\u00e9.\" name=\"consentement[]\" class=\"fusion-form-input\" required=\"true\" aria-required=\"true\" data-holds-private-data=\"false\"\/><label for=\"checkbox-consentement-1-0\">*En envoyant ce message, j'accepte votre politique de confidentialit\u00e9.<\/label><\/div><\/fieldset><\/div><div class=\"fusion-form-field fusion-form-submit-field fusion-form-label-above\" style=\"\" data-form-id=\"3218\"><div style=\"text-align:center;\"><button type=\"submit\" class=\"fusion-button button-flat fusion-button-default-size button-default fusion-button-default button-1 fusion-button-span-yes  button-default form-form-submit\" data-form-number=\"3218\" tabindex=\"\"><span class=\"fusion-button-text awb-button__text awb-button__text--default\">Envoi<\/span><\/button><\/div><\/div><\/div><\/div><\/div><\/div><input type=\"hidden\" name=\"fusion_privacy_store_ip_ua\" value=\"false\"><input type=\"hidden\" name=\"fusion_privacy_expiration_interval\" value=\"48\"><input type=\"hidden\" name=\"privacy_expiration_action\" value=\"anonymize\"><\/form><\/div><\/div><\/div><\/div><\/div>\n","protected":false},"excerpt":{"rendered":"","protected":false},"author":1,"featured_media":0,"parent":0,"menu_order":0,"comment_status":"closed","ping_status":"closed","template":"100-width.php","meta":{"footnotes":""},"class_list":["post-3619","page","type-page","status-publish","hentry"],"yoast_head":"<!-- This site is optimized with the Yoast SEO plugin v26.4 - https:\/\/yoast.com\/wordpress\/plugins\/seo\/ -->\n<title>Illyrian S\u00e9curit\u00e9 S\u00e0rl | Sicherheitsunternehmen in den Kantonen Waadt, Genf, Neuenburg, Freiburg, Wallis, Jura.<\/title>\n<meta name=\"description\" content=\"Illyrian S\u00e9curit\u00e9 S\u00e0rl ist Ihr Sicherheitsunternehmen f\u00fcr alle Arten von \u00dcberwachung, Zutritts- und Objektkontrolle, Personenschutz und Schulungen.\" \/>\n<meta name=\"robots\" content=\"index, follow, max-snippet:-1, max-image-preview:large, max-video-preview:-1\" \/>\n<link rel=\"canonical\" href=\"https:\/\/illyrian-securite.ch\/de\/kontakt\/\" \/>\n<meta property=\"og:locale\" content=\"de_DE\" \/>\n<meta property=\"og:type\" content=\"article\" \/>\n<meta property=\"og:title\" content=\"Illyrian S\u00e9curit\u00e9 S\u00e0rl | Sicherheitsunternehmen in den Kantonen Waadt, Genf, Neuenburg, Freiburg, Wallis, Jura.\" \/>\n<meta property=\"og:description\" content=\"Illyrian S\u00e9curit\u00e9 S\u00e0rl ist Ihr Sicherheitsunternehmen f\u00fcr alle Arten von \u00dcberwachung, Zutritts- und Objektkontrolle, Personenschutz und Schulungen.\" \/>\n<meta property=\"og:url\" content=\"https:\/\/illyrian-securite.ch\/de\/kontakt\/\" \/>\n<meta property=\"og:site_name\" content=\"Illyrian S\u00e9curit\u00e9 S\u00e0rl\" \/>\n<meta property=\"article:publisher\" content=\"https:\/\/www.facebook.com\/profile.php?id=61574124624400\" \/>\n<meta property=\"article:modified_time\" content=\"2026-04-16T09:48:28+00:00\" \/>\n<meta name=\"twitter:card\" content=\"summary_large_image\" \/>\n<meta name=\"twitter:label1\" content=\"Gesch\u00e4tzte Lesezeit\" \/>\n\t<meta name=\"twitter:data1\" content=\"7\u00a0Minuten\" \/>\n<script type=\"application\/ld+json\" class=\"yoast-schema-graph\">{\"@context\":\"https:\/\/schema.org\",\"@graph\":[{\"@type\":\"WebPage\",\"@id\":\"https:\/\/illyrian-securite.ch\/de\/kontakt\/\",\"url\":\"https:\/\/illyrian-securite.ch\/de\/kontakt\/\",\"name\":\"Illyrian S\u00e9curit\u00e9 S\u00e0rl | Sicherheitsunternehmen in den Kantonen Waadt, Genf, Neuenburg, Freiburg, Wallis, Jura.\",\"isPartOf\":{\"@id\":\"https:\/\/illyrian-securite.ch\/de\/#website\"},\"datePublished\":\"2020-06-08T20:26:42+00:00\",\"dateModified\":\"2026-04-16T09:48:28+00:00\",\"description\":\"Illyrian S\u00e9curit\u00e9 S\u00e0rl ist Ihr Sicherheitsunternehmen f\u00fcr alle Arten von \u00dcberwachung, Zutritts- und Objektkontrolle, Personenschutz und Schulungen.\",\"breadcrumb\":{\"@id\":\"https:\/\/illyrian-securite.ch\/de\/kontakt\/#breadcrumb\"},\"inLanguage\":\"de\",\"potentialAction\":[{\"@type\":\"ReadAction\",\"target\":[\"https:\/\/illyrian-securite.ch\/de\/kontakt\/\"]}]},{\"@type\":\"BreadcrumbList\",\"@id\":\"https:\/\/illyrian-securite.ch\/de\/kontakt\/#breadcrumb\",\"itemListElement\":[{\"@type\":\"ListItem\",\"position\":1,\"name\":\"Accueil\",\"item\":\"https:\/\/illyrian-securite.ch\/de\/leistungen\/\"},{\"@type\":\"ListItem\",\"position\":2,\"name\":\"Kontakt\"}]},{\"@type\":\"WebSite\",\"@id\":\"https:\/\/illyrian-securite.ch\/de\/#website\",\"url\":\"https:\/\/illyrian-securite.ch\/de\/\",\"name\":\"Illyrian S\u00e9curit\u00e9\",\"description\":\"\",\"publisher\":{\"@id\":\"https:\/\/illyrian-securite.ch\/de\/#organization\"},\"potentialAction\":[{\"@type\":\"SearchAction\",\"target\":{\"@type\":\"EntryPoint\",\"urlTemplate\":\"https:\/\/illyrian-securite.ch\/de\/?s={search_term_string}\"},\"query-input\":{\"@type\":\"PropertyValueSpecification\",\"valueRequired\":true,\"valueName\":\"search_term_string\"}}],\"inLanguage\":\"de\"},{\"@type\":\"Organization\",\"@id\":\"https:\/\/illyrian-securite.ch\/de\/#organization\",\"name\":\"Illyrian S\u00e9curit\u00e9 S\u00e0rl\",\"url\":\"https:\/\/illyrian-securite.ch\/de\/\",\"logo\":{\"@type\":\"ImageObject\",\"inLanguage\":\"de\",\"@id\":\"https:\/\/illyrian-securite.ch\/de\/#\/schema\/logo\/image\/\",\"url\":\"https:\/\/illyrian-securite.ch\/wp-content\/uploads\/2025\/03\/illyrian-securite-signature-1.svg\",\"contentUrl\":\"https:\/\/illyrian-securite.ch\/wp-content\/uploads\/2025\/03\/illyrian-securite-signature-1.svg\",\"width\":190,\"height\":60,\"caption\":\"Illyrian S\u00e9curit\u00e9 S\u00e0rl\"},\"image\":{\"@id\":\"https:\/\/illyrian-securite.ch\/de\/#\/schema\/logo\/image\/\"},\"sameAs\":[\"https:\/\/www.facebook.com\/profile.php?id=61574124624400\"]}]}<\/script>\n<!-- \/ Yoast SEO plugin. -->","yoast_head_json":{"title":"Illyrian S\u00e9curit\u00e9 S\u00e0rl | Sicherheitsunternehmen in den Kantonen Waadt, Genf, Neuenburg, Freiburg, Wallis, Jura.","description":"Illyrian S\u00e9curit\u00e9 S\u00e0rl ist Ihr Sicherheitsunternehmen f\u00fcr alle Arten von \u00dcberwachung, Zutritts- und Objektkontrolle, Personenschutz und Schulungen.","robots":{"index":"index","follow":"follow","max-snippet":"max-snippet:-1","max-image-preview":"max-image-preview:large","max-video-preview":"max-video-preview:-1"},"canonical":"https:\/\/illyrian-securite.ch\/de\/kontakt\/","og_locale":"de_DE","og_type":"article","og_title":"Illyrian S\u00e9curit\u00e9 S\u00e0rl | Sicherheitsunternehmen in den Kantonen Waadt, Genf, Neuenburg, Freiburg, Wallis, Jura.","og_description":"Illyrian S\u00e9curit\u00e9 S\u00e0rl ist Ihr Sicherheitsunternehmen f\u00fcr alle Arten von \u00dcberwachung, Zutritts- und Objektkontrolle, Personenschutz und Schulungen.","og_url":"https:\/\/illyrian-securite.ch\/de\/kontakt\/","og_site_name":"Illyrian S\u00e9curit\u00e9 S\u00e0rl","article_publisher":"https:\/\/www.facebook.com\/profile.php?id=61574124624400","article_modified_time":"2026-04-16T09:48:28+00:00","twitter_card":"summary_large_image","twitter_misc":{"Gesch\u00e4tzte Lesezeit":"7\u00a0Minuten"},"schema":{"@context":"https:\/\/schema.org","@graph":[{"@type":"WebPage","@id":"https:\/\/illyrian-securite.ch\/de\/kontakt\/","url":"https:\/\/illyrian-securite.ch\/de\/kontakt\/","name":"Illyrian S\u00e9curit\u00e9 S\u00e0rl | Sicherheitsunternehmen in den Kantonen Waadt, Genf, Neuenburg, Freiburg, Wallis, Jura.","isPartOf":{"@id":"https:\/\/illyrian-securite.ch\/de\/#website"},"datePublished":"2020-06-08T20:26:42+00:00","dateModified":"2026-04-16T09:48:28+00:00","description":"Illyrian S\u00e9curit\u00e9 S\u00e0rl ist Ihr Sicherheitsunternehmen f\u00fcr alle Arten von \u00dcberwachung, Zutritts- und Objektkontrolle, Personenschutz und Schulungen.","breadcrumb":{"@id":"https:\/\/illyrian-securite.ch\/de\/kontakt\/#breadcrumb"},"inLanguage":"de","potentialAction":[{"@type":"ReadAction","target":["https:\/\/illyrian-securite.ch\/de\/kontakt\/"]}]},{"@type":"BreadcrumbList","@id":"https:\/\/illyrian-securite.ch\/de\/kontakt\/#breadcrumb","itemListElement":[{"@type":"ListItem","position":1,"name":"Accueil","item":"https:\/\/illyrian-securite.ch\/de\/leistungen\/"},{"@type":"ListItem","position":2,"name":"Kontakt"}]},{"@type":"WebSite","@id":"https:\/\/illyrian-securite.ch\/de\/#website","url":"https:\/\/illyrian-securite.ch\/de\/","name":"Illyrian S\u00e9curit\u00e9","description":"","publisher":{"@id":"https:\/\/illyrian-securite.ch\/de\/#organization"},"potentialAction":[{"@type":"SearchAction","target":{"@type":"EntryPoint","urlTemplate":"https:\/\/illyrian-securite.ch\/de\/?s={search_term_string}"},"query-input":{"@type":"PropertyValueSpecification","valueRequired":true,"valueName":"search_term_string"}}],"inLanguage":"de"},{"@type":"Organization","@id":"https:\/\/illyrian-securite.ch\/de\/#organization","name":"Illyrian S\u00e9curit\u00e9 S\u00e0rl","url":"https:\/\/illyrian-securite.ch\/de\/","logo":{"@type":"ImageObject","inLanguage":"de","@id":"https:\/\/illyrian-securite.ch\/de\/#\/schema\/logo\/image\/","url":"https:\/\/illyrian-securite.ch\/wp-content\/uploads\/2025\/03\/illyrian-securite-signature-1.svg","contentUrl":"https:\/\/illyrian-securite.ch\/wp-content\/uploads\/2025\/03\/illyrian-securite-signature-1.svg","width":190,"height":60,"caption":"Illyrian S\u00e9curit\u00e9 S\u00e0rl"},"image":{"@id":"https:\/\/illyrian-securite.ch\/de\/#\/schema\/logo\/image\/"},"sameAs":["https:\/\/www.facebook.com\/profile.php?id=61574124624400"]}]}},"_links":{"self":[{"href":"https:\/\/illyrian-securite.ch\/de\/wp-json\/wp\/v2\/pages\/3619","targetHints":{"allow":["GET"]}}],"collection":[{"href":"https:\/\/illyrian-securite.ch\/de\/wp-json\/wp\/v2\/pages"}],"about":[{"href":"https:\/\/illyrian-securite.ch\/de\/wp-json\/wp\/v2\/types\/page"}],"author":[{"embeddable":true,"href":"https:\/\/illyrian-securite.ch\/de\/wp-json\/wp\/v2\/users\/1"}],"replies":[{"embeddable":true,"href":"https:\/\/illyrian-securite.ch\/de\/wp-json\/wp\/v2\/comments?post=3619"}],"version-history":[{"count":3,"href":"https:\/\/illyrian-securite.ch\/de\/wp-json\/wp\/v2\/pages\/3619\/revisions"}],"predecessor-version":[{"id":3622,"href":"https:\/\/illyrian-securite.ch\/de\/wp-json\/wp\/v2\/pages\/3619\/revisions\/3622"}],"wp:attachment":[{"href":"https:\/\/illyrian-securite.ch\/de\/wp-json\/wp\/v2\/media?parent=3619"}],"curies":[{"name":"wp","href":"https:\/\/api.w.org\/{rel}","templated":true}]}}